{"id":745,"date":"2022-10-10T18:53:29","date_gmt":"2022-10-10T17:53:29","guid":{"rendered":"https:\/\/www.tcmassist.org\/pie-de-imprenta\/"},"modified":"2023-10-04T02:11:34","modified_gmt":"2023-10-04T01:11:34","slug":"pie-de-imprenta","status":"publish","type":"page","link":"https:\/\/www.tcmassist.org\/es\/pie-de-imprenta\/","title":{"rendered":"Pie de imprenta"},"content":{"rendered":"\t\t<div data-elementor-type=\"wp-page\" data-elementor-id=\"745\" class=\"elementor elementor-745 elementor-145\" data-elementor-post-type=\"page\">\n\t\t\t\t\t\t<section class=\"elementor-section elementor-top-section elementor-element elementor-element-2eda988 elementor-section-content-middle elementor-section-boxed elementor-section-height-default elementor-section-height-default\" data-id=\"2eda988\" data-element_type=\"section\" data-e-type=\"section\" data-settings=\"{&quot;background_background&quot;:&quot;classic&quot;}\">\n\t\t\t\t\t\t<div class=\"elementor-container elementor-column-gap-no\">\n\t\t\t\t\t<div class=\"elementor-column elementor-col-100 elementor-top-column elementor-element elementor-element-8e84401\" data-id=\"8e84401\" data-element_type=\"column\" data-e-type=\"column\">\n\t\t\t<div class=\"elementor-widget-wrap elementor-element-populated\">\n\t\t\t\t\t\t<div class=\"elementor-element elementor-element-0d58935 elementor-widget elementor-widget-heading\" data-id=\"0d58935\" data-element_type=\"widget\" data-e-type=\"widget\" data-widget_type=\"heading.default\">\n\t\t\t\t<div class=\"elementor-widget-container\">\n\t\t\t\t\t<h4 class=\"elementor-heading-title elementor-size-default\">Pie de imprenta<\/h4>\t\t\t\t<\/div>\n\t\t\t\t<\/div>\n\t\t\t\t<section class=\"elementor-section elementor-inner-section elementor-element elementor-element-df85ef5 elementor-section-boxed elementor-section-height-default elementor-section-height-default\" data-id=\"df85ef5\" data-element_type=\"section\" data-e-type=\"section\">\n\t\t\t\t\t\t<div class=\"elementor-container elementor-column-gap-default\">\n\t\t\t\t\t<div class=\"elementor-column elementor-col-100 elementor-inner-column elementor-element elementor-element-20d0070\" data-id=\"20d0070\" data-element_type=\"column\" data-e-type=\"column\">\n\t\t\t<div class=\"elementor-widget-wrap elementor-element-populated\">\n\t\t\t\t\t\t<div class=\"elementor-element elementor-element-c44dd47 elementor-align-center elementor-widget elementor-widget-button\" data-id=\"c44dd47\" data-element_type=\"widget\" data-e-type=\"widget\" data-widget_type=\"button.default\">\n\t\t\t\t<div class=\"elementor-widget-container\">\n\t\t\t\t\t\t\t\t\t<div class=\"elementor-button-wrapper\">\n\t\t\t\t\t<a class=\"elementor-button elementor-button-link elementor-size-lg\" href=\"https:\/\/www.tcmassist.org\/es\/contacte-con\/\">\n\t\t\t\t\t\t<span class=\"elementor-button-content-wrapper\">\n\t\t\t\t\t\t\t\t\t<span class=\"elementor-button-text\">Contacto<\/span>\n\t\t\t\t\t<\/span>\n\t\t\t\t\t<\/a>\n\t\t\t\t<\/div>\n\t\t\t\t\t\t\t\t<\/div>\n\t\t\t\t<\/div>\n\t\t\t\t\t<\/div>\n\t\t<\/div>\n\t\t\t\t\t<\/div>\n\t\t<\/section>\n\t\t\t\t<section class=\"elementor-section elementor-inner-section elementor-element elementor-element-2076818 elementor-section-content-middle elementor-section-boxed elementor-section-height-default elementor-section-height-default\" data-id=\"2076818\" data-element_type=\"section\" data-e-type=\"section\">\n\t\t\t\t\t\t<div class=\"elementor-container elementor-column-gap-default\">\n\t\t\t\t\t<div class=\"elementor-column elementor-col-50 elementor-inner-column elementor-element elementor-element-c70b6e4\" data-id=\"c70b6e4\" data-element_type=\"column\" data-e-type=\"column\">\n\t\t\t<div class=\"elementor-widget-wrap elementor-element-populated\">\n\t\t\t\t\t\t<div class=\"elementor-element elementor-element-e27f317 elementor-widget elementor-widget-text-editor\" data-id=\"e27f317\" data-element_type=\"widget\" data-e-type=\"widget\" data-widget_type=\"text-editor.default\">\n\t\t\t\t<div class=\"elementor-widget-container\">\n\t\t\t\t\t\t\t\t\t<h2>Responsable de este sitio web<\/h2>\n<div>\n<div>\n<p>Contacto para Alemania<\/p>\n<ul>\n<li>Digitales Zeugs UG (responsabilidad limitada)<br \/>Grafenberger Allee 277-287 40237 D\u00fcsseldorf Alemania<\/li>\n<li>Director General: Peter Sonderegger Tribunal local: D\u00fcsseldorf<br \/>Registro mercantil: HRB 88634<br \/>N\u00famero de identificaci\u00f3n fiscal: DE32839845<\/li>\n<\/ul>\n<\/div>\n<\/div>\n\t\t\t\t\t\t\t\t<\/div>\n\t\t\t\t<\/div>\n\t\t\t\t\t<\/div>\n\t\t<\/div>\n\t\t\t\t<div class=\"elementor-column elementor-col-50 elementor-inner-column elementor-element elementor-element-5c5d94e\" data-id=\"5c5d94e\" data-element_type=\"column\" data-e-type=\"column\">\n\t\t\t<div class=\"elementor-widget-wrap elementor-element-populated\">\n\t\t\t\t\t\t<div class=\"elementor-element elementor-element-d1f8e67 elementor-widget elementor-widget-text-editor\" data-id=\"d1f8e67\" data-element_type=\"widget\" data-e-type=\"widget\" data-widget_type=\"text-editor.default\">\n\t\t\t\t<div class=\"elementor-widget-container\">\n\t\t\t\t\t\t\t\t\t<h2>Notas<\/h2>\n<ul>\n<li>Digitales Zeugs UG conserva todos los derechos de autor de este sitio web. No se permite copiar el contenido ni el dise\u00f1o. El uso de este sitio web y, en particular, de los enlaces de correo electr\u00f3nico, no crea ninguna relaci\u00f3n con el cliente. Las consultas y los servicios s\u00f3lo pueden producirse mediante acuerdos formales.<\/li>\n<li>Digitales Zeugs UG no asume ninguna responsabilidad por la exactitud, integridad y actualidad del contenido proporcionado en este sitio web. Lo mismo se aplica al contenido de sitios web externos a los que se hace referencia directa o indirectamente en este sitio web mediante hiperv\u00ednculos y sobre los que Digitales Zeugs UG no tiene ninguna influencia.<\/li>\n<\/ul>\n\t\t\t\t\t\t\t\t<\/div>\n\t\t\t\t<\/div>\n\t\t\t\t\t<\/div>\n\t\t<\/div>\n\t\t\t\t\t<\/div>\n\t\t<\/section>\n\t\t\t\t\t<\/div>\n\t\t<\/div>\n\t\t\t\t\t<\/div>\n\t\t<\/section>\n\t\t\t\t<\/div>\n\t\t","protected":false},"excerpt":{"rendered":"<p>Pie de imprenta Contacto Responsable de este sitio web Contacto para Alemania Digitales Zeugs UG (responsabilidad limitada)Grafenberger Allee 277-287 40237 D\u00fcsseldorf Alemania Director General: Peter Sonderegger Tribunal local: D\u00fcsseldorfRegistro mercantil: HRB 88634N\u00famero de identificaci\u00f3n fiscal: DE32839845 Notas Digitales Zeugs UG conserva todos los derechos de autor de este sitio web. No se permite copiar el &hellip;<\/p>\n<p class=\"read-more\"> <a class=\"\" href=\"https:\/\/www.tcmassist.org\/es\/pie-de-imprenta\/\"> <span class=\"screen-reader-text\">Pie de imprenta<\/span> Leer m\u00e1s &raquo;<\/a><\/p>\n","protected":false},"author":2,"featured_media":0,"parent":0,"menu_order":0,"comment_status":"closed","ping_status":"closed","template":"","meta":{"site-sidebar-layout":"no-sidebar","site-content-layout":"page-builder","ast-site-content-layout":"","site-content-style":"default","site-sidebar-style":"default","ast-global-header-display":"","ast-banner-title-visibility":"","ast-main-header-display":"","ast-hfb-above-header-display":"","ast-hfb-below-header-display":"","ast-hfb-mobile-header-display":"","site-post-title":"disabled","ast-breadcrumbs-content":"","ast-featured-img":"disabled","footer-sml-layout":"","theme-transparent-header-meta":"","adv-header-id-meta":"","stick-header-meta":"","header-above-stick-meta":"","header-main-stick-meta":"","header-below-stick-meta":"","astra-migrate-meta-layouts":"","_joinchat":[],"footnotes":""},"class_list":["post-745","page","type-page","status-publish","hentry"],"_links":{"self":[{"href":"https:\/\/www.tcmassist.org\/es\/wp-json\/wp\/v2\/pages\/745","targetHints":{"allow":["GET"]}}],"collection":[{"href":"https:\/\/www.tcmassist.org\/es\/wp-json\/wp\/v2\/pages"}],"about":[{"href":"https:\/\/www.tcmassist.org\/es\/wp-json\/wp\/v2\/types\/page"}],"author":[{"embeddable":true,"href":"https:\/\/www.tcmassist.org\/es\/wp-json\/wp\/v2\/users\/2"}],"replies":[{"embeddable":true,"href":"https:\/\/www.tcmassist.org\/es\/wp-json\/wp\/v2\/comments?post=745"}],"version-history":[{"count":4,"href":"https:\/\/www.tcmassist.org\/es\/wp-json\/wp\/v2\/pages\/745\/revisions"}],"predecessor-version":[{"id":3308,"href":"https:\/\/www.tcmassist.org\/es\/wp-json\/wp\/v2\/pages\/745\/revisions\/3308"}],"wp:attachment":[{"href":"https:\/\/www.tcmassist.org\/es\/wp-json\/wp\/v2\/media?parent=745"}],"curies":[{"name":"wp","href":"https:\/\/api.w.org\/{rel}","templated":true}]}}